{"id":337,"date":"2022-05-16T07:47:08","date_gmt":"2022-05-16T10:47:08","guid":{"rendered":"https:\/\/gemeosdocinema.com.br\/?page_id=337"},"modified":"2023-03-28T14:26:04","modified_gmt":"2023-03-28T17:26:04","slug":"services","status":"publish","type":"page","link":"https:\/\/gemeosdocinema.com.br\/en\/services\/","title":{"rendered":"Services"},"content":{"rendered":"<p>The Look Films \u2013 Cinema Twins, together with its representatives Andr\u00e9 and Marcos de Castro, have been working with incentive laws since 2010.<\/p>\n<p>They provide consultancy to several clients. The Ribeir\u00e3o Preto Book and Reading Foundation, TPC \u2013 Teatro Popular de Com\u00e9dia (Popular Comedy Theater), Viola Show Produ\u00e7\u00f5es de Eventos (Viola Show Productions and Events) Queima do Alho and Ribeir\u00e3o Country Fest 2016 (Garlic Burn and Ribeir\u00e3o Country Fest 2016), band: Kilotones (who have already performed on the world stage of Rock in Rio 2017, Lollapalooza and Jo\u00e3o Rock), 163 Films, Grattitude Films, Oficina Viva (Living Workshop), Casa da Mem\u00f3ria Italiana (Italian Memory Home), Vov\u00f3 Cachola Theater Company\u2026 are some of our clients.<\/p>\n<div id=\"attachment_282\" style=\"width: 510px\" class=\"wp-caption aligncenter\"><img aria-describedby=\"caption-attachment-282\" decoding=\"async\" loading=\"lazy\" class=\"wp-image-282\" src=\"https:\/\/gemeosdocinema.com.br\/wp-content\/uploads\/2022\/05\/01-ribeirao-country.png\" alt=\"Ribeir\u00e3o Country Fest 2016\" width=\"500\" height=\"279\" srcset=\"https:\/\/gemeosdocinema.com.br\/wp-content\/uploads\/2022\/05\/01-ribeirao-country.png 767w, https:\/\/gemeosdocinema.com.br\/wp-content\/uploads\/2022\/05\/01-ribeirao-country-300x167.png 300w\" sizes=\"(max-width: 500px) 100vw, 500px\" \/><p id=\"caption-attachment-282\" class=\"wp-caption-text\">Ribeir\u00e3o Country Fest 2016<\/p><\/div>\n<div id=\"attachment_284\" style=\"width: 510px\" class=\"wp-caption aligncenter\"><img aria-describedby=\"caption-attachment-284\" decoding=\"async\" loading=\"lazy\" class=\"wp-image-284\" src=\"https:\/\/gemeosdocinema.com.br\/wp-content\/uploads\/2022\/05\/02-feira-do-livro.jpg\" alt=\"19\u00aa feira internacional do livro\" width=\"500\" height=\"333\" srcset=\"https:\/\/gemeosdocinema.com.br\/wp-content\/uploads\/2022\/05\/02-feira-do-livro.jpg 516w, https:\/\/gemeosdocinema.com.br\/wp-content\/uploads\/2022\/05\/02-feira-do-livro-300x200.jpg 300w\" sizes=\"(max-width: 500px) 100vw, 500px\" \/><p id=\"caption-attachment-284\" class=\"wp-caption-text\">19<sup>th<\/sup> international book fair<\/p><\/div>\n<p>Due to this great knowledge and development\/planning in culture incentive laws (from registration to accountability), they developed the course Caminhos da Cultura (Culture Paths) alongside SESC-RP, where they teach step by step of the whole process of laws to encourage culture in Brazil in a relaxed way.<\/p>\n<p>Many of the students have their projects approved, funded and in the execution phase.<\/p>\n<p>In providing services in terms of incentive laws, The Cinema Twins offers:<\/p>\n<p>1- Elaboration of the complete project;<br \/>\n2- Financial Management and\/or management consultancy;<br \/>\n3- Preparation of accountability (goals and financial);<br \/>\n4- Consultancy in issuing invoices;<br \/>\n5- Consultancy in agency (fundraising).<\/p>\n<p>Ps. The Cinema Twins does not carry out the raising of funds. However, they have become experts in the subject of incentive laws and always follow the projects they are hired for step by step. If you want to request a quote, send a message in the \u201c<a href=\"https:\/\/gemeosdocinema.com.br\/en\/contact\/\">contact<\/a>\u201d tab.<\/p>\n<p>Below are the links to some testimonials from students of the Caminhos da Cultura (Culture Paths) course, always in partnership with SESC.<\/p>\n<p><iframe loading=\"lazy\" title=\"Vov\u00f3 Cachola (Grandma Cachola)\" width=\"500\" height=\"281\" src=\"https:\/\/www.youtube.com\/embed\/JmPLVz9Efo4?feature=oembed\" frameborder=\"0\" allow=\"accelerometer; autoplay; clipboard-write; encrypted-media; gyroscope; picture-in-picture; web-share\" allowfullscreen><\/iframe><\/p>\n<p><iframe loading=\"lazy\" title=\"Testemunhos\" width=\"500\" height=\"281\" src=\"https:\/\/www.youtube.com\/embed\/TSLWbE6PsF4?feature=oembed\" frameborder=\"0\" allow=\"accelerometer; autoplay; clipboard-write; encrypted-media; gyroscope; picture-in-picture; web-share\" allowfullscreen><\/iframe><\/p>\n<p><iframe loading=\"lazy\" title=\"Testemunho\" width=\"500\" height=\"281\" src=\"https:\/\/www.youtube.com\/embed\/XKA2GfJjHNs?feature=oembed\" frameborder=\"0\" allow=\"accelerometer; autoplay; clipboard-write; encrypted-media; gyroscope; picture-in-picture; web-share\" allowfullscreen><\/iframe><\/p>\n<p><img decoding=\"async\" loading=\"lazy\" class=\"aligncenter size-full wp-image-286\" src=\"https:\/\/gemeosdocinema.com.br\/wp-content\/uploads\/2022\/05\/03-caminhos-da-cultura.jpg\" alt=\"\" width=\"304\" height=\"236\" srcset=\"https:\/\/gemeosdocinema.com.br\/wp-content\/uploads\/2022\/05\/03-caminhos-da-cultura.jpg 304w, https:\/\/gemeosdocinema.com.br\/wp-content\/uploads\/2022\/05\/03-caminhos-da-cultura-300x233.jpg 300w\" sizes=\"(max-width: 304px) 100vw, 304px\" \/><\/p>\n<p>Andr\u00e9 de Castro is an actor, screenwriter, producer, and executive producer.<br \/>\nMarcos de Castro is a director, screenwriter, producer, and editor.<\/p>\n<p>The Cinema Twins have a &#8216;culture point&#8217; called MOVIE TRUCK, which promotes the audiovisual production chain in the interior of S\u00e3o Paulo.<\/p>\n<p>They are also the directors of the CINE F\u00d3RUM association, with the title of OSCIP (Civil Society Organization of Public Interest) that works with culture and education.<\/p>\n<p><img decoding=\"async\" loading=\"lazy\" class=\"aligncenter wp-image-288\" src=\"https:\/\/gemeosdocinema.com.br\/wp-content\/uploads\/2022\/05\/04-movie-truck.jpg\" alt=\"\" width=\"499\" height=\"349\" srcset=\"https:\/\/gemeosdocinema.com.br\/wp-content\/uploads\/2022\/05\/04-movie-truck.jpg 601w, https:\/\/gemeosdocinema.com.br\/wp-content\/uploads\/2022\/05\/04-movie-truck-300x210.jpg 300w\" sizes=\"(max-width: 499px) 100vw, 499px\" \/><\/p>\n","protected":false},"excerpt":{"rendered":"<p>The Look Films \u2013 Cinema Twins, together with its representatives Andr\u00e9 and Marcos de Castro, have been working with incentive laws since 2010. They provide consultancy to several clients. The Ribeir\u00e3o Preto Book and Reading Foundation, TPC \u2013 Teatro Popular de Com\u00e9dia (Popular Comedy Theater), Viola Show Produ\u00e7\u00f5es de Eventos (Viola Show Productions and Events) [&hellip;]<\/p>\n","protected":false},"author":1,"featured_media":0,"parent":0,"menu_order":0,"comment_status":"closed","ping_status":"closed","template":"template-sobre-nos.php","meta":[],"_links":{"self":[{"href":"https:\/\/gemeosdocinema.com.br\/en\/wp-json\/wp\/v2\/pages\/337"}],"collection":[{"href":"https:\/\/gemeosdocinema.com.br\/en\/wp-json\/wp\/v2\/pages"}],"about":[{"href":"https:\/\/gemeosdocinema.com.br\/en\/wp-json\/wp\/v2\/types\/page"}],"author":[{"embeddable":true,"href":"https:\/\/gemeosdocinema.com.br\/en\/wp-json\/wp\/v2\/users\/1"}],"replies":[{"embeddable":true,"href":"https:\/\/gemeosdocinema.com.br\/en\/wp-json\/wp\/v2\/comments?post=337"}],"version-history":[{"count":4,"href":"https:\/\/gemeosdocinema.com.br\/en\/wp-json\/wp\/v2\/pages\/337\/revisions"}],"predecessor-version":[{"id":449,"href":"https:\/\/gemeosdocinema.com.br\/en\/wp-json\/wp\/v2\/pages\/337\/revisions\/449"}],"wp:attachment":[{"href":"https:\/\/gemeosdocinema.com.br\/en\/wp-json\/wp\/v2\/media?parent=337"}],"curies":[{"name":"wp","href":"https:\/\/api.w.org\/{rel}","templated":true}]}}